{"id":112,"date":"2024-02-20T22:32:55","date_gmt":"2024-02-20T21:32:55","guid":{"rendered":"https:\/\/montfourcatrail.fr\/?page_id=112"},"modified":"2024-02-22T22:21:42","modified_gmt":"2024-02-22T21:21:42","slug":"qui-sommes-nous","status":"publish","type":"page","link":"https:\/\/montfourcatrail.fr\/?page_id=112","title":{"rendered":"Qui sommes-nous ?"},"content":{"rendered":"\n<p>Le Mont Fourcatrail s&rsquo;est inscrit en 2023 dans la continuit\u00e9 des courses mythiques qui se sont d\u00e9roul\u00e9es sur les pentes du Mont Fourcat  : Le cross du Mont Fourcat d&rsquo;abord, qui a \u00e9t\u00e9 support du championnat de France de courses de montagne en 2005, puis le Trail des Cr\u00eates jusqu&rsquo;en 2020.<\/p>\n\n\n\n<p>Une nouvelle \u00e9quipe a relanc\u00e9 en 2023 le Mont Fourcatrail sur un format de 26km et 1 600m de d\u00e9nivel\u00e9 positif, reprenant l&rsquo;historique parcours depuis la salle des f\u00eates de Saint-Paul de Jarrat jusqu&rsquo;au Mont Fourcat.<\/p>\n\n\n\n<p><\/p>\n\n\n\n<figure class=\"wp-block-image size-full\"><img loading=\"lazy\" decoding=\"async\" width=\"832\" height=\"189\" src=\"http:\/\/montfourcatrail.fr\/wp-content\/uploads\/2024\/02\/image-1.png\" alt=\"\" class=\"wp-image-94\" srcset=\"https:\/\/montfourcatrail.fr\/wp-content\/uploads\/2024\/02\/image-1.png 832w, https:\/\/montfourcatrail.fr\/wp-content\/uploads\/2024\/02\/image-1-300x68.png 300w, https:\/\/montfourcatrail.fr\/wp-content\/uploads\/2024\/02\/image-1-768x174.png 768w\" sizes=\"auto, (max-width: 832px) 100vw, 832px\" \/><\/figure>\n\n\n\n<p>En 2024, c&rsquo;est le Trail des Fontaines qui fait son retour sur un parcours de 10km et environ 450m de d\u00e9nivel\u00e9 positif autour des hameaux d&rsquo;Antras et Labat.<\/p>\n\n\n\n<p><\/p>\n\n\n\n<figure class=\"wp-block-image size-full\"><img loading=\"lazy\" decoding=\"async\" width=\"831\" height=\"188\" src=\"http:\/\/montfourcatrail.fr\/wp-content\/uploads\/2024\/02\/image-3.png\" alt=\"\" class=\"wp-image-96\" srcset=\"https:\/\/montfourcatrail.fr\/wp-content\/uploads\/2024\/02\/image-3.png 831w, https:\/\/montfourcatrail.fr\/wp-content\/uploads\/2024\/02\/image-3-300x68.png 300w, https:\/\/montfourcatrail.fr\/wp-content\/uploads\/2024\/02\/image-3-768x174.png 768w\" sizes=\"auto, (max-width: 831px) 100vw, 831px\" \/><\/figure>\n\n\n\n<p>Les enfants ne sont jamais oubli\u00e9s avec toujours 3 courses r\u00e9serv\u00e9es pour eux au c\u0153ur du village !<\/p>\n","protected":false},"excerpt":{"rendered":"<p>Le Mont Fourcatrail s&rsquo;est inscrit en 2023 dans la continuit\u00e9 des courses mythiques qui se sont d\u00e9roul\u00e9es sur les pentes du Mont Fourcat : Le cross du Mont Fourcat d&rsquo;abord, qui a \u00e9t\u00e9 support du championnat de France de courses de montagne en 2005, puis le Trail des Cr\u00eates jusqu&rsquo;en [&hellip;]<\/p>\n","protected":false},"author":1,"featured_media":47,"parent":0,"menu_order":0,"comment_status":"closed","ping_status":"closed","template":"","meta":{"_monsterinsights_skip_tracking":false,"_monsterinsights_sitenote_active":false,"_monsterinsights_sitenote_note":"","_monsterinsights_sitenote_category":0,"footnotes":""},"class_list":["post-112","page","type-page","status-publish","has-post-thumbnail","hentry"],"aioseo_notices":[],"_links":{"self":[{"href":"https:\/\/montfourcatrail.fr\/index.php?rest_route=\/wp\/v2\/pages\/112","targetHints":{"allow":["GET"]}}],"collection":[{"href":"https:\/\/montfourcatrail.fr\/index.php?rest_route=\/wp\/v2\/pages"}],"about":[{"href":"https:\/\/montfourcatrail.fr\/index.php?rest_route=\/wp\/v2\/types\/page"}],"author":[{"embeddable":true,"href":"https:\/\/montfourcatrail.fr\/index.php?rest_route=\/wp\/v2\/users\/1"}],"replies":[{"embeddable":true,"href":"https:\/\/montfourcatrail.fr\/index.php?rest_route=%2Fwp%2Fv2%2Fcomments&post=112"}],"version-history":[{"count":4,"href":"https:\/\/montfourcatrail.fr\/index.php?rest_route=\/wp\/v2\/pages\/112\/revisions"}],"predecessor-version":[{"id":157,"href":"https:\/\/montfourcatrail.fr\/index.php?rest_route=\/wp\/v2\/pages\/112\/revisions\/157"}],"wp:featuredmedia":[{"embeddable":true,"href":"https:\/\/montfourcatrail.fr\/index.php?rest_route=\/wp\/v2\/media\/47"}],"wp:attachment":[{"href":"https:\/\/montfourcatrail.fr\/index.php?rest_route=%2Fwp%2Fv2%2Fmedia&parent=112"}],"curies":[{"name":"wp","href":"https:\/\/api.w.org\/{rel}","templated":true}]}}